{"id":25,"date":"2011-06-05T06:40:16","date_gmt":"2011-06-05T06:40:16","guid":{"rendered":"http:\/\/www.edumonik.com\/gemini\/?page_id=25"},"modified":"2013-08-02T21:14:00","modified_gmt":"2013-08-02T14:14:00","slug":"the-preparation","status":"publish","type":"page","link":"http:\/\/edunik.com\/gemini\/?page_id=25","title":{"rendered":"About Their Names"},"content":{"rendered":"<p>Walaupun Shakespeare menulis &#8216;What&#8217;s in a name&#8217; di Romeo and Juliet, namun semua pasti setuju kalau nama sebaiknya dipikirkan baik-baik. Homer Simpson memberikan wejangan yang baik saat mendapatkan nama Bart, yaitu carilah nama yang susah untuk diejek pas sekolah nanti \ud83d\ude42<\/p>\n<p>Buat kami, ada beberapa pertimbangan :<\/p>\n<ol>\n<li>Kami ingin nama sekaligus nama baptis. Jadi harus &#8216;masuk&#8217; dalam daftar <span style=\"color: #ff6600;\">Catholic Saints<\/span>.<\/li>\n<li>Karena nama santo\/a itu kebanyakan dari western names, jadi harus ada satu nama lagi yang pengennya sih tidak terlalu typical.<\/li>\n<li>Sekalian memikirkan <span style=\"color: #ff6600;\">panggilan<\/span> apa (nickname) yang harus diberikan kelak.<\/li>\n<li>Masalah <span style=\"color: #ff6600;\">arti\/meaning<\/span>, ya selama berarti baik saja.<\/li>\n<li>Dan kami tetap mencari nama kedua dalam <span style=\"color: #ff6600;\">bahasa Cina<\/span>.<\/li>\n<\/ol>\n<p>&nbsp;<\/p>\n<h2>Dionysius <span style=\"color: #ff6600;\">Deven<\/span>dra Sanusi<\/h2>\n<p><span style=\"color: #ff6600;\"><strong>Dionysius <\/strong><\/span>&#8211; Dari Dionysus, salah satu dari 12 dewa Olympus mitologi Yunani kuno. Karena erat dengan pesta dan anggur, sering dikaitkan dengan literatur mengenai Yesus (pernikahan di Kana). Di Katholik ada beberapa Santo yang menggunakan nama Dionysius. Yang paling menonjol adalah Dionysius, The Great Pope of Alexandria.<\/p>\n<p><span style=\"color: #ff6600;\"><strong>Devendra<\/strong><\/span> (\u0926\u0947\u0935\u0947\u0928\u094d\u0926\u094d\u0930)- Dari bahasa Sanskrit, yang merupakan nama lain dari dewa Indra yang merupakan dewa utama (Zeus-nya), yang secara kebetulan juga dikaitkan dengan air\/cairan (Dionysius).<\/p>\n<p>&nbsp;<\/p>\n<h2>Calliope <span style=\"color: #ff6600;\">Chia<\/span>ra Sanusi<\/h2>\n<p><span style=\"color: #ff6600;\"><strong>Calliope<\/strong><\/span> &#8211; Juga dari mitologi Yunani kuno. Muse of epic and poetry. Sumber inspirasi dari penulis sastra Yunani kuno, Homer untuk menulis karya terbesarnya, Odyssey dan Illiad (perang Troya). Di Katholik, St. Kalliope adalah martir di Eropa Timur.<\/p>\n<p><strong><span style=\"color: #ff6600;\">Chiara <\/span><\/strong>&#8211; Dari bahasa Latin\/Italia : terang\/cahaya\/kilau.<\/p>\n<p>&nbsp;<\/p>\n<h2>Chinese Names :<\/h2>\n<h1><span style=\"color: #ff6600;\">\u5bbf\u6842\u50e0<\/span><\/h1>\n<p>s\u00f9 gu\u00ec f\u0101n<\/p>\n<h1><span style=\"color: #ff6600;\">\u5bbf\u6842\u5609<\/span><\/h1>\n<p>s\u00f9 gu\u00ec ji\u0101<\/p>\n<p><span style=\"color: #ff6600;\">gu\u00ec<\/span> : cassia\/cinammon,\u00a0<span style=\"color: #ff6600;\">ji\u0101<\/span> : good, fine, <span style=\"color: #ff6600;\">f\u0101n<\/span> : no meaning (root = deeds)<\/p>\n","protected":false},"excerpt":{"rendered":"<p>Walaupun Shakespeare menulis &#8216;What&#8217;s in a name&#8217; di Romeo and Juliet, namun semua pasti setuju kalau nama sebaiknya dipikirkan baik-baik. Homer Simpson memberikan wejangan yang baik saat mendapatkan nama Bart, yaitu carilah nama yang susah untuk diejek pas sekolah nanti \ud83d\ude42 Buat kami, ada beberapa pertimbangan : Kami ingin nama sekaligus nama baptis. Jadi harus [&hellip;]<\/p>\n","protected":false},"author":1,"featured_media":0,"parent":80,"menu_order":3,"comment_status":"closed","ping_status":"closed","template":"","meta":{"footnotes":""},"class_list":["post-25","page","type-page","status-publish","hentry"],"_links":{"self":[{"href":"http:\/\/edunik.com\/gemini\/index.php?rest_route=\/wp\/v2\/pages\/25","targetHints":{"allow":["GET"]}}],"collection":[{"href":"http:\/\/edunik.com\/gemini\/index.php?rest_route=\/wp\/v2\/pages"}],"about":[{"href":"http:\/\/edunik.com\/gemini\/index.php?rest_route=\/wp\/v2\/types\/page"}],"author":[{"embeddable":true,"href":"http:\/\/edunik.com\/gemini\/index.php?rest_route=\/wp\/v2\/users\/1"}],"replies":[{"embeddable":true,"href":"http:\/\/edunik.com\/gemini\/index.php?rest_route=%2Fwp%2Fv2%2Fcomments&post=25"}],"version-history":[{"count":1,"href":"http:\/\/edunik.com\/gemini\/index.php?rest_route=\/wp\/v2\/pages\/25\/revisions"}],"predecessor-version":[{"id":162,"href":"http:\/\/edunik.com\/gemini\/index.php?rest_route=\/wp\/v2\/pages\/25\/revisions\/162"}],"up":[{"embeddable":true,"href":"http:\/\/edunik.com\/gemini\/index.php?rest_route=\/wp\/v2\/pages\/80"}],"wp:attachment":[{"href":"http:\/\/edunik.com\/gemini\/index.php?rest_route=%2Fwp%2Fv2%2Fmedia&parent=25"}],"curies":[{"name":"wp","href":"https:\/\/api.w.org\/{rel}","templated":true}]}}